{"id":1706,"date":"2018-11-28T22:47:15","date_gmt":"2018-11-28T22:47:15","guid":{"rendered":"https:\/\/leading-edge.iac.gatech.edu\/africaatlanta\/?page_id=1706"},"modified":"2018-11-28T22:52:49","modified_gmt":"2018-11-28T22:52:49","slug":"africa-atlanta-and-the-aeropostale","status":"publish","type":"page","link":"https:\/\/leading-edge.iac.gatech.edu\/africaatlanta\/africa-atlanta-and-the-aeropostale\/","title":{"rendered":"Africa, Atlanta, and the A\u00e9ropostale"},"content":{"rendered":"<figure id=\"attachment_873\" aria-describedby=\"caption-attachment-873\" style=\"width: 157px\" class=\"wp-caption alignleft\"><img loading=\"lazy\" decoding=\"async\" class=\" wp-image-873 \" style=\"margin-right: 20px;\" src=\"http:\/\/leading-edge.iac.gatech.edu\/africaatlanta\/files\/2014\/03\/Mermoz.jpg\" alt=\"Bust of Jean Mermoz in the Jean Mermoz Museum, Saint Louis, Senegal\" width=\"157\" height=\"280\" \/><figcaption id=\"caption-attachment-873\" class=\"wp-caption-text\">Bust of Jean Mermoz in the Jean Mermoz Museum, Saint Louis, Senegal<\/figcaption><\/figure>\n<p>When I left Atlanta for Senegal on an Air France flight operated by Delta Air Lines, I thought that A\u00e9ropostale was just the name of a retail outlet. Although the exploits of Jean Mermoz and other A\u00e9ropostale aviators rank with those of the Wright brothers or Charles Lindberg, I had never heard of these cockpit cowboys who pioneered an airborne equivalent of the Pony Express.<\/p>\n<p style=\"text-align: left;\">Mermoz was born in Aubenton, France in 1901. He joined the army in 1920 where he demonstrated keen aptitude as a pilot despite his distaste for army discipline. After his discharge, he struggled to find work before landing a position with George Lat\u00e9co\u00e8re\u2019s airmail service in 1924. Mermoz started as a mechanic but was soon promoted to pilot, braving the Pyrenees in Breuget XIV bi-planes that had been demobilized after WWI.<\/p>\n<figure style=\"width: 300px\" class=\"wp-caption alignright\"><img loading=\"lazy\" decoding=\"async\" class=\" \" style=\"border: 0px;\" src=\"http:\/\/4.bp.blogspot.com\/-IJKxsITd5FI\/Uwh0JzpX8nI\/AAAAAAAAEbs\/J8qHhvjdZ14\/s1600\/Breuget+14.jpg\" alt=\"\" width=\"300\" height=\"224\" border=\"0\" \/><figcaption class=\"wp-caption-text\">Model of the Breuget XIV in the Jean Mermoz Museum, Saint Louis, Senegal<\/figcaption><\/figure>\n<p>With a frame of lightweight aluminum tubing, the Breuget XIV was fast, agile, and sturdy. It had a maximum cruising speed of 150 kilometers per hour at altitudes up to 6,000 meters. These features enabled it to perform well as a bomber. Although Breuget XIVs equipped with radios and cameras gave good service during the war as reconnaissance planes, the models Mermoz and his colleagues flew as they pushed the airmail service from Barcelona to Casablanca and then on to Dakar lacked most navigational instruments considered standard today. The open cockpits further subjected pilots to temperature extremes during flights that stretched the Breuget\u2019s range of 900 kilometers to the limit.<\/p>\n<figure style=\"width: 400px\" class=\"wp-caption alignleft\"><img loading=\"lazy\" decoding=\"async\" class=\" \" style=\"border: 0px;\" src=\"http:\/\/3.bp.blogspot.com\/-2PqSE8owTDw\/Uwh0a4Jg1dI\/AAAAAAAAEb0\/T0jQao3SUgU\/s1600\/Hotel+de+la+Poste.jpg\" alt=\"\" width=\"400\" height=\"300\" border=\"0\" \/><figcaption class=\"wp-caption-text\">Jean Mermoz and his fellow pilots stayed at the Hotel de la Poste during layovers in Saint Louis, Senegal. He spent the last night of his life in room 19.<\/figcaption><\/figure>\n<p>Mermoz, who once quipped that dying in bed would be an accident, cut a colorful figure in the towns along the Toulouse \u2013 Saint Louis route. In 1926, he crashed in the Mauritanian desert and was captured and held for ransom by nomadic tribesmen. The following year while testing routes over the Andes, he improvised a take off after a forced landing in the mountains by deftly steering his plane like a bobsled as it coasted down three descending peaks until it gained enough speed to remain airborne. Then in 1930, only three years after Charles Lindbergh\u2019s historic transatlantic flight from New York to Paris, Mermoz extended the \u201cspirit of Saint Louis\u201d in a 21-hour flight linking Saint-Louis, Senegal and Natal, Brazil.<\/p>\n<figure style=\"width: 280px\" class=\"wp-caption alignright\"><a href=\"http:\/\/2.bp.blogspot.com\/-28PWIhDJHrY\/Uwh0rSBLtCI\/AAAAAAAAEb8\/PBjCEmrT5Xw\/s1600\/late+28.jpg\"><img loading=\"lazy\" decoding=\"async\" class=\" \" style=\"border: 0px;\" src=\"http:\/\/2.bp.blogspot.com\/-28PWIhDJHrY\/Uwh0rSBLtCI\/AAAAAAAAEb8\/PBjCEmrT5Xw\/s1600\/late+28.jpg\" alt=\"\" width=\"280\" height=\"218\" border=\"0\" \/><\/a><figcaption class=\"wp-caption-text\">Model of the Lat\u00e9co\u00e8re 28 in the Jean Mermoz Museum, Saint Louis, Senegal<\/figcaption><\/figure>\n<p>Mermoz made this flight in a Lat\u00e9co\u00e8re 28-3 seaplane christened Comte de la Vaulx. The plane\u2019s 12 cylinder Hispano-Suiza engine gave it a maximum cruising speed of 222 kilometers per hour and a range of 4,685 km \u2013 more than four times the distance the Breuget XIVs could travel. Where transatlantic mail service had once required several weeks for delivery by steam ships, A\u00e9ropostale pilots flying Lat\u00e9 28 craft were able to cut delivery times to four days.<\/p>\n<figure style=\"width: 400px\" class=\"wp-caption alignleft\"><img loading=\"lazy\" decoding=\"async\" style=\"border: 0px;\" title=\"Bust of Antoine de Saint Exup\u00e9ry, celebrated author of Le Petit Prince in the Jean Mermoz Museum, Saint Louis, Senegal\" src=\"http:\/\/3.bp.blogspot.com\/-AtcodH7o8x8\/Uwh04lf8CTI\/AAAAAAAAEcE\/dn93JNmULL4\/s1600\/St+Exupery.jpg\" alt=\"Bust of Antoine de Saint Exup\u00e9ry, celebrated author of Le Petit Prince in the Jean Mermoz Museum, Saint Louis, Senegal\" width=\"400\" height=\"393\" border=\"0\" \/><figcaption class=\"wp-caption-text\">Bust of Antoine de Saint Exup\u00e9ry, celebrated author of Le Petit Prince in the Jean Mermoz Museum, Saint Louis, Senegal<\/figcaption><\/figure>\n<p>While Georges Lat\u00e9co\u00e8re had sold 93% of his company in 1927, his dream of connecting Europe, Africa, and Latin America with airmail routes had finally come true. Marcelle Bouilloux-Lafont, the Brazillian-based French businessman who bought controlling interest in the Lignes A\u00e9riennes Lat\u00e9co\u00e8re renamed the venture la Compagnie G\u00e9n\u00e9ral A\u00e9ropostale but retained Lat\u00e9co\u00e8re\u2019s planes and the celebrated pilots like Mermoz and his friend, Antoine de Saint Exup\u00e9ry who were instrumental in establishing commercial air routes in Argentina, Brazil, and Chile.<\/p>\n<figure style=\"width: 400px\" class=\"wp-caption alignleft\"><img loading=\"lazy\" decoding=\"async\" style=\"border: 0px;\" src=\"http:\/\/1.bp.blogspot.com\/-fcIhPBHuz9Q\/Uwh1JuHNCeI\/AAAAAAAAEcM\/V7_rwJAaDv0\/s1600\/Aeropostale+Brasil.tiff\" alt=\"\" width=\"400\" height=\"232\" border=\"0\" \/><figcaption class=\"wp-caption-text\">photo by Jorge Castillo\/ castlerockstamps<\/figcaption><\/figure>\n<p>Commercial aviation was a growth industry during this period so Lat\u00e9co\u00e8re faced stiff competition when negotiating air routes and mail contracts with various governments. Similar to the experience of fledgling airlines like Delta in the U.S., airmail contracts made it possible for carriers to offer regular passenger service. Builloux-Lafont therefore had a hand in founding several airlines that became ancestors of contemporary passenger airlines, among them la Companhia Aeronautica Brasilieira, Aeroposta Argentina, Aeroposta Uruguya, and Aeroposta Venezolana.<\/p>\n<p>After the stock market crash of 1929, however, the French Ministre de l\u2019Air declined to honor agreements with Bouilloux-Lafont renewing his exclusive airmail concession and line of credit. Unable to find a partner willing to infuse more capital into the business, Bouilloux-Lafont filed for bankruptcy in 1931. In 1933 the Ministre de L\u2019Air combined several airlines into Air France, which then bought the A\u00e9ropostale\u2019s remaining assets.<\/p>\n<figure style=\"width: 400px\" class=\"wp-caption alignright\"><img loading=\"lazy\" decoding=\"async\" style=\"border: 0px;\" src=\"http:\/\/2.bp.blogspot.com\/-PFiUZH6faWE\/Uwh1teF0U2I\/AAAAAAAAEcU\/vcbe5ACGDDM\/s1600\/Sky+Team+Livery.jpg\" alt=\"\" width=\"400\" height=\"302\" border=\"0\" \/><figcaption class=\"wp-caption-text\">Today the Sky Team airline alliance flies to more than 1,000 destinations in 178 countries. Photo by Mathieu Marker, Wikipedia Commons<\/figcaption><\/figure>\n<p>I was born on Wright-Patterson Air Force base in Dayton, OH so on return trips to my hometown I have visited the National Air Force Museum, the Wright Brothers\u2019 National Memorial, and the John W. Berry Sr. Wright Brothers Aviation Center in the Carillon Historical Park. The exhibits in these venues focus primarily on U.S. aviation history and downplay the contributions of French aviators like Jean Mermoz whose plane disappeared 800 km off the coast of Africa in 1936. Now I know that the sacrifices of pilots like Mermoz charted the way for me to land safely on the mother continent.<\/p>\n<figure style=\"width: 400px\" class=\"wp-caption alignnone\"><img loading=\"lazy\" decoding=\"async\" style=\"border: 0px;\" src=\"http:\/\/2.bp.blogspot.com\/-DizwOjVb2cA\/Uwh19-KaafI\/AAAAAAAAEcc\/-J1B1EiZw1M\/s1600\/Hydrobase.JPG\" alt=\"\" width=\"400\" height=\"300\" border=\"0\" \/><figcaption class=\"wp-caption-text\">A\u00e9ropostale pilots took off and landed their seaplanes along this stretch of beach outside Saint Louis, Senegal, thus it is known as the Hydrobase. Photo by Erin Saint Peter<\/figcaption><\/figure>\n<address><strong>About the Author<\/strong><\/address>\n<address>\u00a0<\/address>\n<address>Paulette Richards holds a Ph.D. in French Civilization from the University of Virginia. From 2008 to 2013 she taught technical communication as a Marion L. Brittain Fellow and then as a lecturer in the school of Literature, Media, and Communication at Georgia Tech. As a 2013-2014 Fulbright Fellow she is currently teaching English for special purposes workshops in professional communication at the Institut Sup\u00e9rieure de Management in Saint Louis, Senegal. She is also an artist in residence at the Institut Fran\u00e7ais where she uses a Mobile Media Lab consisting of six iPod Touch 5 devices to offer drawing and video production workshops to the Saint Louis community.<\/address>\n<address>\u00a0<\/address>\n<address>Source: <a title=\"Africa, Atlanta, and the A\u00e9ropostale\" href=\"http:\/\/sippingfromthesource.blogspot.com\/2014\/03\/africa-atlanta-and-aeropostale.html\" target=\"_blank\" rel=\"noopener\">http:\/\/sippingfromthesource.blogspot.com\/2014\/03\/africa-atlanta-and-aeropostale.html<\/a><\/address>\n<address>Posted March 18, 2014<\/address>\n","protected":false},"excerpt":{"rendered":"<p>When I left Atlanta for Senegal on an Air France flight operated by Delta Air Lines, I thought that A\u00e9ropostale was just the name of a retail outlet. Although the exploits of Jean Mermoz and other A\u00e9ropostale aviators rank with those of the Wright brothers or Charles Lindberg, I had never heard of these cockpit &hellip; <a href=\"https:\/\/leading-edge.iac.gatech.edu\/africaatlanta\/africa-atlanta-and-the-aeropostale\/\" class=\"more-link\">Continue reading<span class=\"screen-reader-text\"> &#8220;Africa, Atlanta, and the A\u00e9ropostale&#8221;<\/span><\/a><\/p>\n","protected":false},"author":6,"featured_media":0,"parent":0,"menu_order":0,"comment_status":"closed","ping_status":"closed","template":"","meta":{"footnotes":""},"class_list":["post-1706","page","type-page","status-publish","hentry"],"_links":{"self":[{"href":"https:\/\/leading-edge.iac.gatech.edu\/africaatlanta\/wp-json\/wp\/v2\/pages\/1706","targetHints":{"allow":["GET"]}}],"collection":[{"href":"https:\/\/leading-edge.iac.gatech.edu\/africaatlanta\/wp-json\/wp\/v2\/pages"}],"about":[{"href":"https:\/\/leading-edge.iac.gatech.edu\/africaatlanta\/wp-json\/wp\/v2\/types\/page"}],"author":[{"embeddable":true,"href":"https:\/\/leading-edge.iac.gatech.edu\/africaatlanta\/wp-json\/wp\/v2\/users\/6"}],"replies":[{"embeddable":true,"href":"https:\/\/leading-edge.iac.gatech.edu\/africaatlanta\/wp-json\/wp\/v2\/comments?post=1706"}],"version-history":[{"count":2,"href":"https:\/\/leading-edge.iac.gatech.edu\/africaatlanta\/wp-json\/wp\/v2\/pages\/1706\/revisions"}],"predecessor-version":[{"id":1712,"href":"https:\/\/leading-edge.iac.gatech.edu\/africaatlanta\/wp-json\/wp\/v2\/pages\/1706\/revisions\/1712"}],"wp:attachment":[{"href":"https:\/\/leading-edge.iac.gatech.edu\/africaatlanta\/wp-json\/wp\/v2\/media?parent=1706"}],"curies":[{"name":"wp","href":"https:\/\/api.w.org\/{rel}","templated":true}]}}